{"id":318,"date":"2024-08-11T17:22:14","date_gmt":"2024-08-11T17:22:14","guid":{"rendered":"https:\/\/jhsfresidences.jhsf.com.br\/?page_id=318"},"modified":"2026-03-23T22:39:24","modified_gmt":"2026-03-23T22:39:24","slug":"parque-cidade-jardim","status":"publish","type":"page","link":"https:\/\/jhsfresidences.jhsf.com.br\/en\/parque-cidade-jardim\/","title":{"rendered":"Parque Cidade Jardim"},"content":{"rendered":"<p>O Parque Cidade Jardim se tornou refer\u00eancia no mercado imobili\u00e1rio, inaugurando um conceito \u00fanico em um dos mais valorizados bairros de S\u00e3o Paulo. Localizado em um terreno de 72.000 m<sup>2<\/sup>, com 50.000 m<sup>2<\/sup>\u00a0de \u00e1reas verdes, dentro do Complexo Cidade Jardim. S\u00e3o 9 edif\u00edcios residenciais integrados ao Shopping Cidade Jardim e ao Cidade Jardim Corporate Center, com conforto e seguran\u00e7a.<\/p>\n<p>A \u00e1rea residencial ocupa 40.000 m<sup>2<\/sup>\u00a0do terreno, onde cada edif\u00edcio conta com acesso independente e amplas garagens, al\u00e9m de um subsolo exclusivo para servi\u00e7os.<\/p>","protected":false},"excerpt":{"rendered":"<p>O Parque Cidade Jardim se tornou refer\u00eancia no mercado imobili\u00e1rio, inaugurando um conceito \u00fanico em um dos mais valorizados bairros de S\u00e3o Paulo. Localizado em um terreno de 72.000 m2, com 50.000 m2\u00a0de \u00e1reas verdes, dentro do Complexo Cidade Jardim. S\u00e3o 9 edif\u00edcios residenciais integrados ao Shopping Cidade Jardim e ao Cidade Jardim Corporate Center, [&hellip;]<\/p>\n","protected":false},"author":15,"featured_media":0,"parent":0,"menu_order":4,"comment_status":"closed","ping_status":"closed","template":"","meta":{"_acf_changed":false,"inline_featured_image":false,"footnotes":""},"class_list":["post-318","page","type-page","status-publish","hentry"],"acf":[],"yoast_head":"<!-- This site is optimized with the Yoast SEO plugin v27.3 - https:\/\/yoast.com\/product\/yoast-seo-wordpress\/ -->\n<title>Parque Cidade Jardim - JHSF Residences<\/title>\n<meta name=\"description\" content=\"O Parque Cidade Jardim se tornou refer\u00eancia no mercado imobili\u00e1rio, inaugurando um conceito \u00fanico em um dos mais valorizados bairros de...\" \/>\n<meta name=\"robots\" content=\"index, follow, max-snippet:-1, max-image-preview:large, max-video-preview:-1\" \/>\n<link rel=\"canonical\" href=\"https:\/\/jhsfresidences.jhsf.com.br\/en\/parque-cidade-jardim\/\" \/>\n<meta property=\"og:locale\" content=\"en_US\" \/>\n<meta property=\"og:type\" content=\"article\" \/>\n<meta property=\"og:title\" content=\"Parque Cidade Jardim - JHSF Residences\" \/>\n<meta property=\"og:description\" content=\"O Parque Cidade Jardim se tornou refer\u00eancia no mercado imobili\u00e1rio, inaugurando um conceito \u00fanico em um dos mais valorizados bairros de...\" \/>\n<meta property=\"og:url\" content=\"https:\/\/jhsfresidences.jhsf.com.br\/en\/parque-cidade-jardim\/\" \/>\n<meta property=\"og:site_name\" content=\"JHSF Residences\" \/>\n<meta property=\"article:modified_time\" content=\"2026-03-23T22:39:24+00:00\" \/>\n<meta name=\"twitter:card\" content=\"summary_large_image\" \/>\n<meta name=\"twitter:label1\" content=\"Est. reading time\" \/>\n\t<meta name=\"twitter:data1\" content=\"1 minute\" \/>\n<script type=\"application\/ld+json\" class=\"yoast-schema-graph\">{\"@context\":\"https:\\\/\\\/schema.org\",\"@graph\":[{\"@type\":\"WebPage\",\"@id\":\"https:\\\/\\\/jhsfresidences.jhsf.com.br\\\/parque-cidade-jardim\\\/\",\"url\":\"https:\\\/\\\/jhsfresidences.jhsf.com.br\\\/parque-cidade-jardim\\\/\",\"name\":\"Parque Cidade Jardim - JHSF Residences\",\"isPartOf\":{\"@id\":\"https:\\\/\\\/jhsfresidences.jhsf.com.br\\\/#website\"},\"datePublished\":\"2024-08-11T17:22:14+00:00\",\"dateModified\":\"2026-03-23T22:39:24+00:00\",\"description\":\"O Parque Cidade Jardim se tornou refer\u00eancia no mercado imobili\u00e1rio, inaugurando um conceito \u00fanico em um dos mais valorizados bairros de...\",\"breadcrumb\":{\"@id\":\"https:\\\/\\\/jhsfresidences.jhsf.com.br\\\/parque-cidade-jardim\\\/#breadcrumb\"},\"inLanguage\":\"en-US\",\"potentialAction\":[{\"@type\":\"ReadAction\",\"target\":[\"https:\\\/\\\/jhsfresidences.jhsf.com.br\\\/parque-cidade-jardim\\\/\"]}]},{\"@type\":\"BreadcrumbList\",\"@id\":\"https:\\\/\\\/jhsfresidences.jhsf.com.br\\\/parque-cidade-jardim\\\/#breadcrumb\",\"itemListElement\":[{\"@type\":\"ListItem\",\"position\":1,\"name\":\"In\u00edcio\",\"item\":\"https:\\\/\\\/jhsfresidences.jhsf.com.br\\\/\"},{\"@type\":\"ListItem\",\"position\":2,\"name\":\"Parque Cidade Jardim\"}]},{\"@type\":\"WebSite\",\"@id\":\"https:\\\/\\\/jhsfresidences.jhsf.com.br\\\/#website\",\"url\":\"https:\\\/\\\/jhsfresidences.jhsf.com.br\\\/\",\"name\":\"JHSF Residences\",\"description\":\"\",\"potentialAction\":[{\"@type\":\"SearchAction\",\"target\":{\"@type\":\"EntryPoint\",\"urlTemplate\":\"https:\\\/\\\/jhsfresidences.jhsf.com.br\\\/?s={search_term_string}\"},\"query-input\":{\"@type\":\"PropertyValueSpecification\",\"valueRequired\":true,\"valueName\":\"search_term_string\"}}],\"inLanguage\":\"en-US\"}]}<\/script>\n<!-- \/ Yoast SEO plugin. -->","yoast_head_json":{"title":"Parque Cidade Jardim - JHSF Residences","description":"O Parque Cidade Jardim se tornou refer\u00eancia no mercado imobili\u00e1rio, inaugurando um conceito \u00fanico em um dos mais valorizados bairros de...","robots":{"index":"index","follow":"follow","max-snippet":"max-snippet:-1","max-image-preview":"max-image-preview:large","max-video-preview":"max-video-preview:-1"},"canonical":"https:\/\/jhsfresidences.jhsf.com.br\/en\/parque-cidade-jardim\/","og_locale":"en_US","og_type":"article","og_title":"Parque Cidade Jardim - JHSF Residences","og_description":"O Parque Cidade Jardim se tornou refer\u00eancia no mercado imobili\u00e1rio, inaugurando um conceito \u00fanico em um dos mais valorizados bairros de...","og_url":"https:\/\/jhsfresidences.jhsf.com.br\/en\/parque-cidade-jardim\/","og_site_name":"JHSF Residences","article_modified_time":"2026-03-23T22:39:24+00:00","twitter_card":"summary_large_image","twitter_misc":{"Est. reading time":"1 minute"},"schema":{"@context":"https:\/\/schema.org","@graph":[{"@type":"WebPage","@id":"https:\/\/jhsfresidences.jhsf.com.br\/parque-cidade-jardim\/","url":"https:\/\/jhsfresidences.jhsf.com.br\/parque-cidade-jardim\/","name":"Parque Cidade Jardim - JHSF Residences","isPartOf":{"@id":"https:\/\/jhsfresidences.jhsf.com.br\/#website"},"datePublished":"2024-08-11T17:22:14+00:00","dateModified":"2026-03-23T22:39:24+00:00","description":"O Parque Cidade Jardim se tornou refer\u00eancia no mercado imobili\u00e1rio, inaugurando um conceito \u00fanico em um dos mais valorizados bairros de...","breadcrumb":{"@id":"https:\/\/jhsfresidences.jhsf.com.br\/parque-cidade-jardim\/#breadcrumb"},"inLanguage":"en-US","potentialAction":[{"@type":"ReadAction","target":["https:\/\/jhsfresidences.jhsf.com.br\/parque-cidade-jardim\/"]}]},{"@type":"BreadcrumbList","@id":"https:\/\/jhsfresidences.jhsf.com.br\/parque-cidade-jardim\/#breadcrumb","itemListElement":[{"@type":"ListItem","position":1,"name":"In\u00edcio","item":"https:\/\/jhsfresidences.jhsf.com.br\/"},{"@type":"ListItem","position":2,"name":"Parque Cidade Jardim"}]},{"@type":"WebSite","@id":"https:\/\/jhsfresidences.jhsf.com.br\/#website","url":"https:\/\/jhsfresidences.jhsf.com.br\/","name":"JHSF Residences","description":"","potentialAction":[{"@type":"SearchAction","target":{"@type":"EntryPoint","urlTemplate":"https:\/\/jhsfresidences.jhsf.com.br\/?s={search_term_string}"},"query-input":{"@type":"PropertyValueSpecification","valueRequired":true,"valueName":"search_term_string"}}],"inLanguage":"en-US"}]}},"_links":{"self":[{"href":"https:\/\/jhsfresidences.jhsf.com.br\/en\/wp-json\/wp\/v2\/pages\/318","targetHints":{"allow":["GET"]}}],"collection":[{"href":"https:\/\/jhsfresidences.jhsf.com.br\/en\/wp-json\/wp\/v2\/pages"}],"about":[{"href":"https:\/\/jhsfresidences.jhsf.com.br\/en\/wp-json\/wp\/v2\/types\/page"}],"author":[{"embeddable":true,"href":"https:\/\/jhsfresidences.jhsf.com.br\/en\/wp-json\/wp\/v2\/users\/15"}],"replies":[{"embeddable":true,"href":"https:\/\/jhsfresidences.jhsf.com.br\/en\/wp-json\/wp\/v2\/comments?post=318"}],"version-history":[{"count":24,"href":"https:\/\/jhsfresidences.jhsf.com.br\/en\/wp-json\/wp\/v2\/pages\/318\/revisions"}],"predecessor-version":[{"id":1944,"href":"https:\/\/jhsfresidences.jhsf.com.br\/en\/wp-json\/wp\/v2\/pages\/318\/revisions\/1944"}],"wp:attachment":[{"href":"https:\/\/jhsfresidences.jhsf.com.br\/en\/wp-json\/wp\/v2\/media?parent=318"}],"curies":[{"name":"wp","href":"https:\/\/api.w.org\/{rel}","templated":true}]}}